{"id":2,"date":"2026-04-14T19:05:30","date_gmt":"2026-04-14T19:05:30","guid":{"rendered":"https:\/\/hidraulicafaliam.net\/catalogo\/?page_id=2"},"modified":"2026-04-19T23:20:05","modified_gmt":"2026-04-19T23:20:05","slug":"empresa","status":"publish","type":"page","link":"https:\/\/hidraulicafaliam.net\/catalogo\/empresa\/","title":{"rendered":"Empresa"},"content":{"rendered":"\n<div class=\"wp-block-group has-global-padding is-layout-constrained wp-block-group-is-layout-constrained\"><\/div>\n\n\n\n<figure class=\"wp-block-image alignwide size-large\"><img loading=\"lazy\" decoding=\"async\" width=\"1024\" height=\"249\" src=\"https:\/\/hidraulicafaliam.net\/catalogo\/wp-content\/uploads\/2026\/04\/header-gallery-press-hydraulic-overhaul-peru-sales-e1776202094483-1024x249.jpg\" alt=\"Fabricaci\u00f3n y Venta de Prensas Compactadoras Ecol\u00f3gicas peruanas.\" class=\"wp-image-68\" srcset=\"https:\/\/hidraulicafaliam.net\/catalogo\/wp-content\/uploads\/2026\/04\/header-gallery-press-hydraulic-overhaul-peru-sales-e1776202094483-1024x249.jpg 1024w, https:\/\/hidraulicafaliam.net\/catalogo\/wp-content\/uploads\/2026\/04\/header-gallery-press-hydraulic-overhaul-peru-sales-e1776202094483-300x73.jpg 300w, https:\/\/hidraulicafaliam.net\/catalogo\/wp-content\/uploads\/2026\/04\/header-gallery-press-hydraulic-overhaul-peru-sales-e1776202094483-768x187.jpg 768w, https:\/\/hidraulicafaliam.net\/catalogo\/wp-content\/uploads\/2026\/04\/header-gallery-press-hydraulic-overhaul-peru-sales-e1776202094483-600x146.jpg 600w, https:\/\/hidraulicafaliam.net\/catalogo\/wp-content\/uploads\/2026\/04\/header-gallery-press-hydraulic-overhaul-peru-sales-e1776202094483.jpg 1410w\" sizes=\"auto, (max-width: 1024px) 100vw, 1024px\" \/><\/figure>\n\n\n\n<hr class=\"wp-block-separator has-alpha-channel-opacity\"\/>\n\n\n\n<div class=\"wp-block-group alignwide has-global-padding is-layout-constrained wp-block-group-is-layout-constrained\">\n<div class=\"wp-block-group alignwide is-vertical is-layout-flex wp-container-core-group-is-layout-fe9cc265 wp-block-group-is-layout-flex\">\n<h2 class=\"wp-block-heading\"><span class=\"wp-rich-text-font-awesome-icon wp-font-awesome-icon\"><svg aria-hidden=\"true\" focusable=\"false\" data-prefix=\"fas\" data-icon=\"leaf\" class=\"svg-inline--fa fa-leaf \" role=\"img\" xmlns=\"http:\/\/www.w3.org\/2000\/svg\" viewBox=\"0 0 512 512\"><path fill=\"currentColor\" d=\"M471.3 6.7C477.7 .6 487-1.6 495.6 1.2 505.4 4.5 512 13.7 512 24l0 186.9c0 131.2-108.1 237.1-238.8 237.1-77 0-143.4-49.5-167.5-118.7-35.4 30.8-57.7 76.1-57.7 126.7 0 13.3-10.7 24-24 24S0 469.3 0 456C0 381.1 38.2 315.1 96.1 276.3 131.4 252.7 173.5 240 216 240l80 0c13.3 0 24-10.7 24-24s-10.7-24-24-24l-80 0c-39.7 0-77.3 8.8-111 24.5 23.3-70 89.2-120.5 167-120.5 66.4 0 115.8-22.1 148.7-44 19.2-12.8 35.5-28.1 50.7-45.3z\"><\/path><\/svg><\/span> Hidr\u00e1ulica Faliam<\/h2>\n\n\n\n<div class=\"wp-block-buttons is-layout-flex wp-block-buttons-is-layout-flex\">\n<div class=\"wp-block-button\"><a class=\"wp-block-button__link has-background wp-element-button\" href=\"https:\/\/hidraulicafaliam.net\/catalogo\/wp-content\/uploads\/2026\/04\/brochure-precio-venta-de-prensas-hidraulicas-tipo-H.pdf\" style=\"border-top-left-radius:5px;border-top-right-radius:5px;border-bottom-left-radius:5px;border-bottom-right-radius:5px;background-color:#09429c;padding-right:var(--wp--preset--spacing--20);padding-left:var(--wp--preset--spacing--20)\"><span class=\"wp-rich-text-font-awesome-icon wp-font-awesome-icon\"><svg aria-hidden=\"true\" focusable=\"false\" data-prefix=\"fas\" data-icon=\"circle-chevron-right\" class=\"svg-inline--fa fa-circle-chevron-right \" role=\"img\" xmlns=\"http:\/\/www.w3.org\/2000\/svg\" viewBox=\"0 0 512 512\"><path fill=\"currentColor\" d=\"M0 256a256 256 0 1 0 512 0 256 256 0 1 0 -512 0zM241 377c-9.4 9.4-24.6 9.4-33.9 0s-9.4-24.6 0-33.9l87-87-87-87c-9.4-9.4-9.4-24.6 0-33.9s24.6-9.4 33.9 0L345 239c9.4 9.4 9.4 24.6 0 33.9L241 377z\"><\/path><\/svg><\/span> PDF Prensas<\/a><\/div>\n<\/div>\n\n\n\n<div class=\"wp-block-buttons is-layout-flex wp-block-buttons-is-layout-flex\">\n<div class=\"wp-block-button\"><a class=\"wp-block-button__link has-contrast-color has-text-color has-background has-link-color wp-element-button\" href=\"https:\/\/hidraulicafaliam.net\/catalogo\/wp-content\/uploads\/2026\/04\/brochure-precio-venta-de-prensas-compactadoras.pdf\" style=\"border-top-left-radius:5px;border-top-right-radius:5px;border-bottom-left-radius:5px;border-bottom-right-radius:5px;background-color:#f0ec08;padding-right:var(--wp--preset--spacing--20);padding-left:var(--wp--preset--spacing--20)\"><span class=\"wp-rich-text-font-awesome-icon wp-font-awesome-icon\"><svg aria-hidden=\"true\" focusable=\"false\" data-prefix=\"fas\" data-icon=\"circle-chevron-right\" class=\"svg-inline--fa fa-circle-chevron-right \" role=\"img\" xmlns=\"http:\/\/www.w3.org\/2000\/svg\" viewBox=\"0 0 512 512\"><path fill=\"currentColor\" d=\"M0 256a256 256 0 1 0 512 0 256 256 0 1 0 -512 0zM241 377c-9.4 9.4-24.6 9.4-33.9 0s-9.4-24.6 0-33.9l87-87-87-87c-9.4-9.4-9.4-24.6 0-33.9s24.6-9.4 33.9 0L345 239c9.4 9.4 9.4 24.6 0 33.9L241 377z\"><\/path><\/svg><\/span> PDF Compactadoras<\/a><\/div>\n<\/div>\n\n\n\n<p>\u00bfNecesitas prensas hidr\u00e1ulicas o compactadoras confiables?<br>Encuentra la mejor opci\u00f3n en nuestra tienda y potencia tu producci\u00f3n industrial.<\/p>\n\n\n\n<div class=\"wp-block-buttons is-layout-flex wp-block-buttons-is-layout-flex\">\n<div class=\"wp-block-button\"><a class=\"wp-block-button__link wp-element-button\" href=\"https:\/\/hidraulicafaliam.net\/catalogo\/\" style=\"border-top-left-radius:5px;border-top-right-radius:5px;border-bottom-left-radius:5px;border-bottom-right-radius:5px;padding-right:var(--wp--preset--spacing--30);padding-left:var(--wp--preset--spacing--30)\"><span class=\"wp-rich-text-font-awesome-icon wp-font-awesome-icon\"><svg aria-hidden=\"true\" focusable=\"false\" data-prefix=\"fas\" data-icon=\"circle-chevron-right\" class=\"svg-inline--fa fa-circle-chevron-right \" role=\"img\" xmlns=\"http:\/\/www.w3.org\/2000\/svg\" viewBox=\"0 0 512 512\"><path fill=\"currentColor\" d=\"M0 256a256 256 0 1 0 512 0 256 256 0 1 0 -512 0zM241 377c-9.4 9.4-24.6 9.4-33.9 0s-9.4-24.6 0-33.9l87-87-87-87c-9.4-9.4-9.4-24.6 0-33.9s24.6-9.4 33.9 0L345 239c9.4 9.4 9.4 24.6 0 33.9L241 377z\"><\/path><\/svg><\/span> Ir a Tienda<\/a><\/div>\n<\/div>\n\n\n\n<p>Consulta por los precios y modelos ahora.<\/p>\n\n\n\n<p><span class=\"wp-rich-text-font-awesome-icon wp-font-awesome-icon\"><svg aria-hidden=\"true\" focusable=\"false\" data-prefix=\"fas\" data-icon=\"mobile-screen\" class=\"svg-inline--fa fa-mobile-screen \" role=\"img\" xmlns=\"http:\/\/www.w3.org\/2000\/svg\" viewBox=\"0 0 384 512\"><path fill=\"currentColor\" d=\"M16 64C16 28.7 44.7 0 80 0L304 0c35.3 0 64 28.7 64 64l0 384c0 35.3-28.7 64-64 64L80 512c-35.3 0-64-28.7-64-64L16 64zM128 440c0 13.3 10.7 24 24 24l80 0c13.3 0 24-10.7 24-24s-10.7-24-24-24l-80 0c-13.3 0-24 10.7-24 24zM304 64l-224 0 0 304 224 0 0-304z\"><\/path><\/svg><\/span> <strong>(51) 918-096641.<\/strong><\/p>\n\n\n\n<p>\u00bfListo para optimizar sus operaciones y maximizar la productividad? Hablemos de c\u00f3mo nuestras prensas y compactadoras hidr\u00e1ulicas de \u00faltima generaci\u00f3n pueden transformar su flujo de trabajo e impulsar su \u00e9xito.<\/p>\n<\/div>\n<\/div>\n\n\n\n<p><\/p>\n","protected":false},"excerpt":{"rendered":"<p>Hidr\u00e1ulica Faliam \u00bfNecesitas prensas hidr\u00e1ulicas o compactadoras confiables?Encuentra la mejor opci\u00f3n en nuestra tienda y potencia tu producci\u00f3n industrial. Consulta por los precios y modelos ahora. (51) 918-096641. \u00bfListo para optimizar sus operaciones y maximizar la productividad? Hablemos de c\u00f3mo nuestras prensas y compactadoras hidr\u00e1ulicas de \u00faltima generaci\u00f3n pueden transformar su flujo de trabajo e [&hellip;]<\/p>\n","protected":false},"author":1,"featured_media":0,"parent":0,"menu_order":0,"comment_status":"closed","ping_status":"closed","template":"page-no-title","meta":{"footnotes":""},"class_list":["post-2","page","type-page","status-publish","hentry"],"_links":{"self":[{"href":"https:\/\/hidraulicafaliam.net\/catalogo\/wp-json\/wp\/v2\/pages\/2","targetHints":{"allow":["GET"]}}],"collection":[{"href":"https:\/\/hidraulicafaliam.net\/catalogo\/wp-json\/wp\/v2\/pages"}],"about":[{"href":"https:\/\/hidraulicafaliam.net\/catalogo\/wp-json\/wp\/v2\/types\/page"}],"author":[{"embeddable":true,"href":"https:\/\/hidraulicafaliam.net\/catalogo\/wp-json\/wp\/v2\/users\/1"}],"replies":[{"embeddable":true,"href":"https:\/\/hidraulicafaliam.net\/catalogo\/wp-json\/wp\/v2\/comments?post=2"}],"version-history":[{"count":17,"href":"https:\/\/hidraulicafaliam.net\/catalogo\/wp-json\/wp\/v2\/pages\/2\/revisions"}],"predecessor-version":[{"id":145,"href":"https:\/\/hidraulicafaliam.net\/catalogo\/wp-json\/wp\/v2\/pages\/2\/revisions\/145"}],"wp:attachment":[{"href":"https:\/\/hidraulicafaliam.net\/catalogo\/wp-json\/wp\/v2\/media?parent=2"}],"curies":[{"name":"wp","href":"https:\/\/api.w.org\/{rel}","templated":true}]}}