{"id":48,"date":"2026-04-14T21:02:34","date_gmt":"2026-04-14T21:02:34","guid":{"rendered":"https:\/\/hidraulicafaliam.net\/catalogo\/contacto\/"},"modified":"2026-04-19T02:42:53","modified_gmt":"2026-04-19T02:42:53","slug":"contacto","status":"publish","type":"page","link":"https:\/\/hidraulicafaliam.net\/catalogo\/contacto\/","title":{"rendered":"Contacto"},"content":{"rendered":"\n<div class=\"wp-block-group alignwide has-global-padding is-layout-constrained wp-block-group-is-layout-constrained\">\n<figure class=\"wp-block-image alignwide size-full\"><img loading=\"lazy\" decoding=\"async\" width=\"1023\" height=\"219\" src=\"https:\/\/hidraulicafaliam.net\/catalogo\/wp-content\/uploads\/2026\/04\/contactar-la-venta-de-prensas-compactadoras-faliam-219.jpg\" alt=\"\" class=\"wp-image-131\" srcset=\"https:\/\/hidraulicafaliam.net\/catalogo\/wp-content\/uploads\/2026\/04\/contactar-la-venta-de-prensas-compactadoras-faliam-219.jpg 1023w, https:\/\/hidraulicafaliam.net\/catalogo\/wp-content\/uploads\/2026\/04\/contactar-la-venta-de-prensas-compactadoras-faliam-219-300x64.jpg 300w, https:\/\/hidraulicafaliam.net\/catalogo\/wp-content\/uploads\/2026\/04\/contactar-la-venta-de-prensas-compactadoras-faliam-219-768x164.jpg 768w, https:\/\/hidraulicafaliam.net\/catalogo\/wp-content\/uploads\/2026\/04\/contactar-la-venta-de-prensas-compactadoras-faliam-219-600x128.jpg 600w\" sizes=\"auto, (max-width: 1023px) 100vw, 1023px\" \/><\/figure>\n<\/div>\n\n\n\n<div class=\"wp-block-group alignwide has-medium-font-size has-global-padding is-layout-constrained wp-block-group-is-layout-constrained\">\n<div class=\"wp-block-group alignwide is-vertical is-layout-flex wp-container-core-group-is-layout-fe9cc265 wp-block-group-is-layout-flex\">\n<h2 class=\"wp-block-heading is-style-default\"><span class=\"wp-rich-text-font-awesome-icon wp-font-awesome-icon\"><svg aria-hidden=\"true\" focusable=\"false\" data-prefix=\"fas\" data-icon=\"shield-heart\" class=\"svg-inline--fa fa-shield-heart \" role=\"img\" xmlns=\"http:\/\/www.w3.org\/2000\/svg\" viewBox=\"0 0 512 512\"><path fill=\"currentColor\" d=\"M269.4 2.9C265.2 1 260.7 0 256 0s-9.2 1-13.4 2.9L54.3 82.8c-22 9.3-38.4 31-38.3 57.2 .5 99.2 41.3 280.7 213.6 363.2 16.7 8 36.1 8 52.8 0 172.4-82.5 213.2-264 213.6-363.2 .1-26.2-16.3-47.9-38.3-57.2L269.4 2.9zM249.6 183.5l6.4 8.5 6.4-8.5c11.1-14.8 28.5-23.5 46.9-23.5 32.4 0 58.7 26.3 58.7 58.7l0 5.3c0 49.1-65.8 98.1-96.5 118.3-9.5 6.2-21.5 6.2-30.9 0-30.7-20.2-96.5-69.3-96.5-118.3l0-5.3c0-32.4 26.3-58.7 58.7-58.7 18.5 0 35.9 8.7 46.9 23.5z\"><\/path><\/svg><\/span> Contacto<\/h2>\n\n\n\n<p>Los env\u00edos son a nivel nacional y tambi\u00e9n puedes recoger tu prensa en nuestro Taller principal en Villa El Salvador.<\/p>\n\n\n\n<div class=\"wp-block-buttons is-layout-flex wp-block-buttons-is-layout-flex\">\n<div class=\"wp-block-button\"><a class=\"wp-block-button__link has-base-color has-text-color has-background has-link-color has-small-font-size has-custom-font-size wp-element-button\" href=\"https:\/\/api.whatsapp.com\/send\/?phone=51918096641&amp;text=Enviar+informes+de+las+prensas+y+compactadoras&amp;type=phone_number&amp;app_absent=0\" style=\"border-top-left-radius:6px;border-top-right-radius:6px;border-bottom-left-radius:6px;border-bottom-right-radius:6px;background-color:#35a50d;padding-top:var(--wp--preset--spacing--20);padding-right:var(--wp--preset--spacing--20);padding-bottom:var(--wp--preset--spacing--20);padding-left:var(--wp--preset--spacing--20)\"><span class=\"wp-rich-text-font-awesome-icon wp-font-awesome-icon\"><svg aria-hidden=\"true\" focusable=\"false\" data-prefix=\"fab\" data-icon=\"whatsapp\" class=\"svg-inline--fa fa-whatsapp \" role=\"img\" xmlns=\"http:\/\/www.w3.org\/2000\/svg\" viewBox=\"0 0 448 512\"><path fill=\"currentColor\" d=\"M380.9 97.1c-41.9-42-97.7-65.1-157-65.1-122.4 0-222 99.6-222 222 0 39.1 10.2 77.3 29.6 111L0 480 117.7 449.1c32.4 17.7 68.9 27 106.1 27l.1 0c122.3 0 224.1-99.6 224.1-222 0-59.3-25.2-115-67.1-157zm-157 341.6c-33.2 0-65.7-8.9-94-25.7l-6.7-4-69.8 18.3 18.6-68.1-4.4-7c-18.5-29.4-28.2-63.3-28.2-98.2 0-101.7 82.8-184.5 184.6-184.5 49.3 0 95.6 19.2 130.4 54.1s56.2 81.2 56.1 130.5c0 101.8-84.9 184.6-186.6 184.6zM325.1 300.5c-5.5-2.8-32.8-16.2-37.9-18-5.1-1.9-8.8-2.8-12.5 2.8s-14.3 18-17.6 21.8c-3.2 3.7-6.5 4.2-12 1.4-32.6-16.3-54-29.1-75.5-66-5.7-9.8 5.7-9.1 16.3-30.3 1.8-3.7 .9-6.9-.5-9.7s-12.5-30.1-17.1-41.2c-4.5-10.8-9.1-9.3-12.5-9.5-3.2-.2-6.9-.2-10.6-.2s-9.7 1.4-14.8 6.9c-5.1 5.6-19.4 19-19.4 46.3s19.9 53.7 22.6 57.4c2.8 3.7 39.1 59.7 94.8 83.8 35.2 15.2 49 16.5 66.6 13.9 10.7-1.6 32.8-13.4 37.4-26.4s4.6-24.1 3.2-26.4c-1.3-2.5-5-3.9-10.5-6.6z\"><\/path><\/svg><\/span> WHATSAPP<\/a><\/div>\n\n\n\n<div class=\"wp-block-button\"><a class=\"wp-block-button__link has-base-color has-text-color has-background has-link-color has-small-font-size has-custom-font-size wp-element-button\" href=\"tel:+51918096641\" style=\"border-top-left-radius:6px;border-top-right-radius:6px;border-bottom-left-radius:6px;border-bottom-right-radius:6px;background-color:#0982ec;padding-top:var(--wp--preset--spacing--20);padding-right:var(--wp--preset--spacing--20);padding-bottom:var(--wp--preset--spacing--20);padding-left:var(--wp--preset--spacing--20)\"><span class=\"wp-rich-text-font-awesome-icon wp-font-awesome-icon\"><svg aria-hidden=\"true\" focusable=\"false\" data-prefix=\"fas\" data-icon=\"phone\" class=\"svg-inline--fa fa-phone \" role=\"img\" xmlns=\"http:\/\/www.w3.org\/2000\/svg\" viewBox=\"0 0 512 512\"><path fill=\"currentColor\" d=\"M160.2 25C152.3 6.1 131.7-3.9 112.1 1.4l-5.5 1.5c-64.6 17.6-119.8 80.2-103.7 156.4 37.1 175 174.8 312.7 349.8 349.8 76.3 16.2 138.8-39.1 156.4-103.7l1.5-5.5c5.4-19.7-4.7-40.3-23.5-48.1l-97.3-40.5c-16.5-6.9-35.6-2.1-47 11.8l-38.6 47.2C233.9 335.4 177.3 277 144.8 205.3L189 169.3c13.9-11.3 18.6-30.4 11.8-47L160.2 25z\"><\/path><\/svg><\/span> LLAMADAS<\/a><\/div>\n<\/div>\n\n\n\n<div style=\"height:21px\" aria-hidden=\"true\" class=\"wp-block-spacer wp-container-content-a94db315\"><\/div>\n\n\n\n<div class=\"woocommerce columns-2 \"><ul class=\"products columns-2\">\n<li class=\"product type-product post-34 status-publish first instock product_cat-prensas-compactadoras has-post-thumbnail shipping-taxable product-type-simple\">\n\t<a href=\"https:\/\/hidraulicafaliam.net\/catalogo\/producto\/prensa-compactadora-ecologica-i\/\" class=\"woocommerce-LoopProduct-link woocommerce-loop-product__link\"><img loading=\"lazy\" decoding=\"async\" width=\"300\" height=\"300\" src=\"https:\/\/hidraulicafaliam.net\/catalogo\/wp-content\/uploads\/2026\/04\/venta-de-compactadoras-ecologicas-faliam-300x300.jpg\" class=\"attachment-woocommerce_thumbnail size-woocommerce_thumbnail\" alt=\"Venta de prensas compactadoras ecol\u00f3gicas Faliam.\" srcset=\"https:\/\/hidraulicafaliam.net\/catalogo\/wp-content\/uploads\/2026\/04\/venta-de-compactadoras-ecologicas-faliam-300x300.jpg 300w, https:\/\/hidraulicafaliam.net\/catalogo\/wp-content\/uploads\/2026\/04\/venta-de-compactadoras-ecologicas-faliam-150x150.jpg 150w, https:\/\/hidraulicafaliam.net\/catalogo\/wp-content\/uploads\/2026\/04\/venta-de-compactadoras-ecologicas-faliam-100x100.jpg 100w\" sizes=\"auto, (max-width: 300px) 100vw, 300px\" \/><h2 class=\"woocommerce-loop-product__title\">Prensa Compactadora Ecol\u00f3gica I<\/h2>\n<\/a><a href=\"https:\/\/hidraulicafaliam.net\/catalogo\/producto\/prensa-compactadora-ecologica-i\/\" aria-describedby=\"woocommerce_loop_add_to_cart_link_describedby_34\" data-quantity=\"1\" class=\"button wp-element-button product_type_simple\" data-product_id=\"34\" data-product_sku=\"\" aria-label=\"Lee m\u00e1s sobre &ldquo;Prensa Compactadora Ecol\u00f3gica I&rdquo;\" rel=\"nofollow\" data-success_message=\"\">Leer m\u00e1s<\/a>\t<span id=\"woocommerce_loop_add_to_cart_link_describedby_34\" class=\"screen-reader-text\">\n\t\t\t<\/span>\n<\/li>\n<li class=\"product type-product post-36 status-publish last instock product_cat-prensas-compactadoras has-post-thumbnail shipping-taxable product-type-simple\">\n\t<a href=\"https:\/\/hidraulicafaliam.net\/catalogo\/producto\/prensa-compactadora-ecologica-faliam\/\" class=\"woocommerce-LoopProduct-link woocommerce-loop-product__link\"><img loading=\"lazy\" decoding=\"async\" width=\"300\" height=\"300\" src=\"https:\/\/hidraulicafaliam.net\/catalogo\/wp-content\/uploads\/2026\/04\/venta-de-prensas-compactadoras-ecologicas-en-peru-300x300.jpg\" class=\"attachment-woocommerce_thumbnail size-woocommerce_thumbnail\" alt=\"Precio de Venta de prensas compactadoras ecol\u00f3gicas.\" srcset=\"https:\/\/hidraulicafaliam.net\/catalogo\/wp-content\/uploads\/2026\/04\/venta-de-prensas-compactadoras-ecologicas-en-peru-300x300.jpg 300w, https:\/\/hidraulicafaliam.net\/catalogo\/wp-content\/uploads\/2026\/04\/venta-de-prensas-compactadoras-ecologicas-en-peru-150x150.jpg 150w, https:\/\/hidraulicafaliam.net\/catalogo\/wp-content\/uploads\/2026\/04\/venta-de-prensas-compactadoras-ecologicas-en-peru-100x100.jpg 100w\" sizes=\"auto, (max-width: 300px) 100vw, 300px\" \/><h2 class=\"woocommerce-loop-product__title\">Prensa Compactadora Ecol\u00f3gica II<\/h2>\n<\/a><a href=\"https:\/\/hidraulicafaliam.net\/catalogo\/producto\/prensa-compactadora-ecologica-faliam\/\" aria-describedby=\"woocommerce_loop_add_to_cart_link_describedby_36\" data-quantity=\"1\" class=\"button wp-element-button product_type_simple\" data-product_id=\"36\" data-product_sku=\"\" aria-label=\"Lee m\u00e1s sobre &ldquo;Prensa Compactadora Ecol\u00f3gica II&rdquo;\" rel=\"nofollow\" data-success_message=\"\">Leer m\u00e1s<\/a>\t<span id=\"woocommerce_loop_add_to_cart_link_describedby_36\" class=\"screen-reader-text\">\n\t\t\t<\/span>\n<\/li>\n<\/ul>\n<\/div>\n\n\n\n<p><strong>Bienvenido<\/strong>, en cada fabricaci\u00f3n y mantenimiento de nuestras Prensas Compactadoras y de nuestras Prensas Hidr\u00e1ulicas estamos comprometidos con el cuidado de nuestro planeta Tierra.<\/p>\n\n\n\n<div class=\"wp-block-buttons is-layout-flex wp-block-buttons-is-layout-flex\">\n<div class=\"wp-block-button\"><a class=\"wp-block-button__link has-background has-small-font-size has-custom-font-size wp-element-button\" href=\"https:\/\/hidraulicafaliam.net\/catalogo\/wp-content\/uploads\/2026\/04\/brochure-precio-venta-de-prensas-hidraulicas-tipo-H.pdf\" style=\"border-top-left-radius:5px;border-top-right-radius:5px;border-bottom-left-radius:5px;border-bottom-right-radius:5px;background-color:#1173dc;padding-right:var(--wp--preset--spacing--30);padding-left:var(--wp--preset--spacing--30)\"><span class=\"wp-rich-text-font-awesome-icon wp-font-awesome-icon\"><svg aria-hidden=\"true\" focusable=\"false\" data-prefix=\"fas\" data-icon=\"file-pdf\" class=\"svg-inline--fa fa-file-pdf \" role=\"img\" xmlns=\"http:\/\/www.w3.org\/2000\/svg\" viewBox=\"0 0 576 512\"><path fill=\"currentColor\" d=\"M96 0C60.7 0 32 28.7 32 64l0 384c0 35.3 28.7 64 64 64l80 0 0-112c0-35.3 28.7-64 64-64l176 0 0-165.5c0-17-6.7-33.3-18.7-45.3L290.7 18.7C278.7 6.7 262.5 0 245.5 0L96 0zM357.5 176L264 176c-13.3 0-24-10.7-24-24L240 58.5 357.5 176zM240 380c-11 0-20 9-20 20l0 128c0 11 9 20 20 20s20-9 20-20l0-28 12 0c33.1 0 60-26.9 60-60s-26.9-60-60-60l-32 0zm32 80l-12 0 0-40 12 0c11 0 20 9 20 20s-9 20-20 20zm96-80c-11 0-20 9-20 20l0 128c0 11 9 20 20 20l32 0c28.7 0 52-23.3 52-52l0-64c0-28.7-23.3-52-52-52l-32 0zm20 128l0-88 12 0c6.6 0 12 5.4 12 12l0 64c0 6.6-5.4 12-12 12l-12 0zm88-108l0 128c0 11 9 20 20 20s20-9 20-20l0-44 28 0c11 0 20-9 20-20s-9-20-20-20l-28 0 0-24 28 0c11 0 20-9 20-20s-9-20-20-20l-48 0c-11 0-20 9-20 20z\"><\/path><\/svg><\/span> Brochure Prensas<\/a><\/div>\n<\/div>\n\n\n\n<div class=\"wp-block-buttons is-layout-flex wp-block-buttons-is-layout-flex\">\n<div class=\"wp-block-button\"><a class=\"wp-block-button__link has-contrast-color has-text-color has-background has-link-color has-small-font-size has-custom-font-size wp-element-button\" href=\"https:\/\/hidraulicafaliam.net\/catalogo\/wp-content\/uploads\/2026\/04\/brochure-precio-venta-de-prensas-compactadoras.pdf\" style=\"border-top-left-radius:5px;border-top-right-radius:5px;border-bottom-left-radius:5px;border-bottom-right-radius:5px;background-color:#eed80b;padding-right:var(--wp--preset--spacing--30);padding-left:var(--wp--preset--spacing--30)\"><span class=\"wp-rich-text-font-awesome-icon wp-font-awesome-icon\"><svg aria-hidden=\"true\" focusable=\"false\" data-prefix=\"fas\" data-icon=\"file-pdf\" class=\"svg-inline--fa fa-file-pdf \" role=\"img\" xmlns=\"http:\/\/www.w3.org\/2000\/svg\" viewBox=\"0 0 576 512\"><path fill=\"currentColor\" d=\"M96 0C60.7 0 32 28.7 32 64l0 384c0 35.3 28.7 64 64 64l80 0 0-112c0-35.3 28.7-64 64-64l176 0 0-165.5c0-17-6.7-33.3-18.7-45.3L290.7 18.7C278.7 6.7 262.5 0 245.5 0L96 0zM357.5 176L264 176c-13.3 0-24-10.7-24-24L240 58.5 357.5 176zM240 380c-11 0-20 9-20 20l0 128c0 11 9 20 20 20s20-9 20-20l0-28 12 0c33.1 0 60-26.9 60-60s-26.9-60-60-60l-32 0zm32 80l-12 0 0-40 12 0c11 0 20 9 20 20s-9 20-20 20zm96-80c-11 0-20 9-20 20l0 128c0 11 9 20 20 20l32 0c28.7 0 52-23.3 52-52l0-64c0-28.7-23.3-52-52-52l-32 0zm20 128l0-88 12 0c6.6 0 12 5.4 12 12l0 64c0 6.6-5.4 12-12 12l-12 0zm88-108l0 128c0 11 9 20 20 20s20-9 20-20l0-44 28 0c11 0 20-9 20-20s-9-20-20-20l-28 0 0-24 28 0c11 0 20-9 20-20s-9-20-20-20l-48 0c-11 0-20 9-20 20z\"><\/path><\/svg><\/span>    Compactadoras<\/a><\/div>\n<\/div>\n\n\n\n<p>En este contexto te brindamos la mejor asesor\u00eda durante cada proceso de compra de nuestras maquinarias.<\/p>\n\n\n\n<p>Env\u00edanos un mensaje ahora y te daremos las mejores soluciones de ingenier\u00eda ecol\u00f3gica peruana en prensas compactadoras y prensas hidr\u00e1ulicas.<\/p>\n\n\n\n<div style=\"height:48px\" aria-hidden=\"true\" class=\"wp-block-spacer wp-container-content-eb1ede72\"><\/div>\n<\/div>\n<\/div>\n","protected":false},"excerpt":{"rendered":"<p>Contacto Los env\u00edos son a nivel nacional y tambi\u00e9n puedes recoger tu prensa en nuestro Taller principal en Villa El Salvador. Bienvenido, en cada fabricaci\u00f3n y mantenimiento de nuestras Prensas Compactadoras y de nuestras Prensas Hidr\u00e1ulicas estamos comprometidos con el cuidado de nuestro planeta Tierra. En este contexto te brindamos la mejor asesor\u00eda durante cada [&hellip;]<\/p>\n","protected":false},"author":1,"featured_media":35,"parent":0,"menu_order":0,"comment_status":"closed","ping_status":"closed","template":"page-no-title","meta":{"footnotes":""},"class_list":["post-48","page","type-page","status-publish","has-post-thumbnail","hentry"],"_links":{"self":[{"href":"https:\/\/hidraulicafaliam.net\/catalogo\/wp-json\/wp\/v2\/pages\/48","targetHints":{"allow":["GET"]}}],"collection":[{"href":"https:\/\/hidraulicafaliam.net\/catalogo\/wp-json\/wp\/v2\/pages"}],"about":[{"href":"https:\/\/hidraulicafaliam.net\/catalogo\/wp-json\/wp\/v2\/types\/page"}],"author":[{"embeddable":true,"href":"https:\/\/hidraulicafaliam.net\/catalogo\/wp-json\/wp\/v2\/users\/1"}],"replies":[{"embeddable":true,"href":"https:\/\/hidraulicafaliam.net\/catalogo\/wp-json\/wp\/v2\/comments?post=48"}],"version-history":[{"count":32,"href":"https:\/\/hidraulicafaliam.net\/catalogo\/wp-json\/wp\/v2\/pages\/48\/revisions"}],"predecessor-version":[{"id":139,"href":"https:\/\/hidraulicafaliam.net\/catalogo\/wp-json\/wp\/v2\/pages\/48\/revisions\/139"}],"wp:featuredmedia":[{"embeddable":true,"href":"https:\/\/hidraulicafaliam.net\/catalogo\/wp-json\/wp\/v2\/media\/35"}],"wp:attachment":[{"href":"https:\/\/hidraulicafaliam.net\/catalogo\/wp-json\/wp\/v2\/media?parent=48"}],"curies":[{"name":"wp","href":"https:\/\/api.w.org\/{rel}","templated":true}]}}