{"id":95,"date":"2026-04-17T23:21:42","date_gmt":"2026-04-17T23:21:42","guid":{"rendered":"https:\/\/hidraulicafaliam.net\/catalogo\/?post_type=product&#038;p=95"},"modified":"2026-04-17T23:38:22","modified_gmt":"2026-04-17T23:38:22","slug":"prensa-hidraulica-ecologica","status":"publish","type":"product","link":"https:\/\/hidraulicafaliam.net\/catalogo\/producto\/prensa-hidraulica-ecologica\/","title":{"rendered":"Prensa Hidr\u00e1ulica Ecol\u00f3gica"},"content":{"rendered":"<p><strong>Prensas Hidr\u00e1ulicas Ecol\u00f3gicas<\/strong> para:<\/p>\n<ul>\n<li>Extracci\u00f3n y montaje de rodamientos.<\/li>\n<li>Reducci\u00f3n de volumen de materiales como chatarra, papel, cart\u00f3n o residuos agr\u00edcolas.<\/li>\n<li>Enderezar piezas met\u00e1licas, y ensamblaje\/desensamblaje a presi\u00f3n.<\/li>\n<li>Embutici\u00f3n profunda y troquelado o recorte con moldes.<\/li>\n<li>Ganar espacio en los almacenes y talleres mec\u00e1nicos.<\/li>\n<li>Ideal para plantas industriales y miner\u00eda.<\/li>\n<\/ul>\n<p><strong>Contacto y consultas en el tel\u00e9fono (51)918-096641.<\/strong><\/p>\n<p><a href=\"https:\/\/hidraulicafaliam.net\/catalogo\/contacto\/\"><img loading=\"lazy\" decoding=\"async\" class=\"alignnone wp-image-98\" src=\"https:\/\/hidraulicafaliam.net\/catalogo\/wp-content\/uploads\/2026\/04\/eco-friendly-300x168.png\" alt=\"Precio de Venta de Prensas Compactadoras y Prensas Hidr\u00e1ulicas Eco Amigables.\" width=\"146\" height=\"82\" srcset=\"https:\/\/hidraulicafaliam.net\/catalogo\/wp-content\/uploads\/2026\/04\/eco-friendly-300x168.png 300w, https:\/\/hidraulicafaliam.net\/catalogo\/wp-content\/uploads\/2026\/04\/eco-friendly-600x337.png 600w, https:\/\/hidraulicafaliam.net\/catalogo\/wp-content\/uploads\/2026\/04\/eco-friendly.png 641w\" sizes=\"auto, (max-width: 146px) 100vw, 146px\" \/><\/a><\/p>\n","protected":false},"excerpt":{"rendered":"<p>Prensas Hidr\u00e1ulicas Ecol\u00f3gicas Automatizadas y Manuales.<\/p>\n","protected":false},"featured_media":96,"comment_status":"closed","ping_status":"closed","template":"","meta":[],"product_brand":[],"product_cat":[23],"product_tag":[],"class_list":{"0":"post-95","1":"product","2":"type-product","3":"status-publish","4":"has-post-thumbnail","6":"product_cat-prensas-hidraulicas","8":"first","9":"instock","10":"shipping-taxable","11":"product-type-simple"},"_links":{"self":[{"href":"https:\/\/hidraulicafaliam.net\/catalogo\/wp-json\/wp\/v2\/product\/95","targetHints":{"allow":["GET"]}}],"collection":[{"href":"https:\/\/hidraulicafaliam.net\/catalogo\/wp-json\/wp\/v2\/product"}],"about":[{"href":"https:\/\/hidraulicafaliam.net\/catalogo\/wp-json\/wp\/v2\/types\/product"}],"replies":[{"embeddable":true,"href":"https:\/\/hidraulicafaliam.net\/catalogo\/wp-json\/wp\/v2\/comments?post=95"}],"wp:featuredmedia":[{"embeddable":true,"href":"https:\/\/hidraulicafaliam.net\/catalogo\/wp-json\/wp\/v2\/media\/96"}],"wp:attachment":[{"href":"https:\/\/hidraulicafaliam.net\/catalogo\/wp-json\/wp\/v2\/media?parent=95"}],"wp:term":[{"taxonomy":"product_brand","embeddable":true,"href":"https:\/\/hidraulicafaliam.net\/catalogo\/wp-json\/wp\/v2\/product_brand?post=95"},{"taxonomy":"product_cat","embeddable":true,"href":"https:\/\/hidraulicafaliam.net\/catalogo\/wp-json\/wp\/v2\/product_cat?post=95"},{"taxonomy":"product_tag","embeddable":true,"href":"https:\/\/hidraulicafaliam.net\/catalogo\/wp-json\/wp\/v2\/product_tag?post=95"}],"curies":[{"name":"wp","href":"https:\/\/api.w.org\/{rel}","templated":true}]}}